{"id":40,"date":"2014-03-29T16:07:26","date_gmt":"2014-03-29T14:07:26","guid":{"rendered":"http:\/\/www.schanzenbuch.com\/?page_id=40"},"modified":"2024-10-15T17:02:07","modified_gmt":"2024-10-15T15:02:07","slug":"suchen-und-bestellen","status":"publish","type":"page","link":"https:\/\/www.schanzenbuch.com\/?page_id=40","title":{"rendered":"Suchen und bestellen"},"content":{"rendered":"\n<h1 class=\"wp-block-heading\">Bequem Zuhause st\u00f6bern<\/h1>\n\n\n\n<section class=\"row\">\n<article class=\"col-sm-12\"><strong>Liefer- und Versandservice<\/strong>\n<p>Gerne nehmen wir eure Bestellungen entgegen.  \n\nEine Abholung der B\u00fccher ist w\u00e4hrend unserer <strong>\u00d6ffnungszeiten<\/strong> in unserem Laden am Schulterblatt 55 m\u00f6glich. Wir sind telefonisch unter <strong>040 430 08 08<\/strong> oder noch viel lieber per Mail an <strong><a href=\"mailto:bestellungen@schanzenbuch.com\" target=\"_blank\" rel=\"noopener noreferrer\">bestellungen@schanzenbuch.com<\/a><\/strong> (f\u00fcr B\u00fccher, die im Schulterblatt 55 abgeholt werden) erreichbar.\n\nB\u00fccher die in der Schanzenstr. 6 abgeholt werden, k\u00f6nnen unter 040 430 08 88 <strong><a href=\"mailto:kibu@schanzenbuch.com\" target=\"_blank\" rel=\"noopener noreferrer\">kibu@schanzenbuch.com<\/a><\/strong> bestellt und dort abgeholt werden.\n\n<!-- <\/p><p>Gerne nehmen wir Bestellungen entgegen.  Eine Abholung der B\u00fccher zwischen 11 und 16 Uhr ist in unserem Laden am Schulterblatt 55 m\u00f6glich. Wir sind erreichbar von <strong>Montag bis Samstag zwischen 11 und 16 Uhr<\/strong>, telefonisch unter <strong>040 430 08 08<\/strong> oder per Mail an <strong><a href=\"mailto:bestellungen@schanzenbuch.com\" target=\"_blank\" rel=\"noopener noreferrer\">bestellungen@schanzenbuch.com<\/a><\/strong>. Wir k\u00f6nnen dir das Buch aber entweder vorbeibringen oder als B\u00fcchersendung in die Post geben. In beiden F\u00e4llen brauchen wir dann ein paar Daten von dir:<\/p>\n<p><ul>\n<strong>Bei Lieferung<\/strong>\n    <li>Zahlungsmethode: Rechnung, Barzahlung, EC-Cash (funktioniert\n       nur abh\u00e4ngig vom Telefonnetz)<\/li>\n    <li>Liefer- bzw. Rechnungsadresse und ungef\u00e4hrer Zeitraum, wann du\n       zu Hause bist<\/li>\n    <li>Telefonnummer<\/li>\n<strong>Bei Versand (portofrei)<\/strong>\n    <li>nur auf Rechnung m\u00f6glich<\/li>\n    <li>Liefer- bzw. Rechnungsadresse<\/li>\n<\/ul><\/p>\n-->\n\n<\/article><article class=\"col-sm-12\"><p><strong>Onlineshop<\/strong><br \/>\nIhr k\u00f6nnt eure B\u00fccher nun auch online bestellen, bei uns abholen oder auch direkt zu euch nach Hause liefern lassen. \u00dcber euren Besuch bei uns im Laden und den direkten Austausch freuen wir uns, gerade als Stadtteilbuchhandlung aber nat\u00fcrlich nach wie vor am meisten.<br \/><br \/><br \/>\n\n<strong><!DOCTYPE HTML>\n<html lang=\"en\">\n<head>\n <style>\n  a:link,a:visited {\n   color: Red;\n   background-color: #FFFFFF;\n   text-decoration: none;\n   target-new: tab;\n  }\n  a:hover {\n   color: #0000FF;\n   background-color: #FFFFC0;\n   text-decoration: underline;\n   target-new: none;\n  }\n <\/style>\n<\/head>\n<body>\n <!-- Text link tag - by www.rapidtables.com -->\n <a href=\"https:\/\/schanzen.buchhandlung.de\/shop\/\">Hier gehts zum Onlineshop<\/a>\n<\/body>\n<\/html><\/strong>\n<\/p><p><strong>Einige Infos zu diesem Shop<\/strong>:<br \/><br \/>\n\n\n\nSortiment:<br \/>\nWir arbeiten im Onlineshop mit Libri zusammen, einem Gro\u00dfh\u00e4ndler f\u00fcr B\u00fccher. Aus diesem Grund haben wir nur sehr beschr\u00e4nkten Einfluss auf das Angebot in diesem Onlineshop, was leider auch hei\u00dft, dass ihr hier noch (fast) alle B\u00fccher finden k\u00f6nnt. Auch die, die wir nicht in unserem eigenen Ladensortiment haben.<br \/><br \/>\n\nClick &#038; Collect:<br \/>\nFalls ihr eure B\u00fccher \u00fcber &#8222;Click &#038; Collect&#8220; bestellt, k\u00f6nnt ihr sie direkt bei uns im Laden abholen. Das hat den Vorteil, dass wir den vollen Rabat bekommen und ihr bei uns noch weiter st\u00f6bern k\u00f6nnt. Auch k\u00f6nnen wir B\u00fccher, die ihr zu euch nach Hause bestellt leider nicht bei uns im Laden umtauschen.<br \/><br \/>\n\nGutscheine:<br \/>\nGutscheine, die man im Onlineshop kaufen kann, gelten auch nur f\u00fcr diesen Onlineshop. Wenn ihr einen Gutschein f\u00fcr den Laden verschenken m\u00f6chtet, schreibt uns eine Mail oder kommt am besten bei uns vorbei.<br \/><br \/><br \/>\n\n\n<\/p>\n<\/article>\n<\/section>","protected":false},"excerpt":{"rendered":"<p>Bequem Zuhause st\u00f6bern Liefer- und Versandservice Gerne nehmen wir eure Bestellungen entgegen. Eine Abholung der B\u00fccher ist w\u00e4hrend unserer \u00d6ffnungszeiten in unserem Laden am Schulterblatt 55 m\u00f6glich. Wir sind telefonisch unter 040 430 08 08 oder noch viel lieber per Mail an bestellungen@schanzenbuch.com (f\u00fcr B\u00fccher, die im Schulterblatt 55 abgeholt werden) erreichbar. B\u00fccher die in [&hellip;]<\/p>\n","protected":false},"author":1,"featured_media":0,"parent":0,"menu_order":27,"comment_status":"closed","ping_status":"closed","template":"","meta":{"footnotes":""},"class_list":["post-40","page","type-page","status-publish","hentry"],"_links":{"self":[{"href":"https:\/\/www.schanzenbuch.com\/index.php?rest_route=\/wp\/v2\/pages\/40","targetHints":{"allow":["GET"]}}],"collection":[{"href":"https:\/\/www.schanzenbuch.com\/index.php?rest_route=\/wp\/v2\/pages"}],"about":[{"href":"https:\/\/www.schanzenbuch.com\/index.php?rest_route=\/wp\/v2\/types\/page"}],"author":[{"embeddable":true,"href":"https:\/\/www.schanzenbuch.com\/index.php?rest_route=\/wp\/v2\/users\/1"}],"replies":[{"embeddable":true,"href":"https:\/\/www.schanzenbuch.com\/index.php?rest_route=%2Fwp%2Fv2%2Fcomments&post=40"}],"version-history":[{"count":64,"href":"https:\/\/www.schanzenbuch.com\/index.php?rest_route=\/wp\/v2\/pages\/40\/revisions"}],"predecessor-version":[{"id":2992,"href":"https:\/\/www.schanzenbuch.com\/index.php?rest_route=\/wp\/v2\/pages\/40\/revisions\/2992"}],"wp:attachment":[{"href":"https:\/\/www.schanzenbuch.com\/index.php?rest_route=%2Fwp%2Fv2%2Fmedia&parent=40"}],"curies":[{"name":"wp","href":"https:\/\/api.w.org\/{rel}","templated":true}]}}