{"id":38,"date":"2014-03-29T16:05:57","date_gmt":"2014-03-29T14:05:57","guid":{"rendered":"http:\/\/www.schanzenbuch.com\/?page_id=38"},"modified":"2014-07-26T19:58:03","modified_gmt":"2014-07-26T17:58:03","slug":"buechertische","status":"publish","type":"page","link":"https:\/\/www.schanzenbuch.com\/?page_id=38","title":{"rendered":"B\u00fcchertische &#8211; Literatur &#038; Politik"},"content":{"rendered":"<h1>Literatur &amp; Politik &#8211; B\u00fcchertische<\/h1>\n<section class=\"row\">\n<article class=\"col-sm-4\">\n<div class=\"img-frame\"><img loading=\"lazy\" decoding=\"async\" src=\"https:\/\/www.schanzenbuch.com\/wp-content\/uploads\/2014\/07\/Buchladen_07-1024x1024.jpg\" width=\"1024\" height=\"1024\" class=\"img-responsive\" alt=\"B\u00fcchertische\" \/><\/div>\n<\/article>\n<article class=\"col-sm-8\">Wir kommen gerne zu euren Veranstaltungen und organisieren einen B\u00fcchertisch zu den entsprechenden Themen. Zudem habt ihr die M\u00f6glichkeit, den B\u00fcchertisch selbst zu machen und wir helfen bei der Zusammenstellung der B\u00fccher.<\/p>\n<p>Ruft uns an: Tel. 040 &#8211; 430 08 08 oder schreibt eine Mail an: <a href=\"mailto:info@schanzenbuch.com\">info@schanzenbuch.com<\/a>.<\/p>\n<\/article>\n<\/section>\n","protected":false},"excerpt":{"rendered":"<p>Literatur &amp; Politik &#8211; B\u00fcchertische Wir kommen gerne zu euren Veranstaltungen und organisieren einen B\u00fcchertisch zu den entsprechenden Themen. Zudem habt ihr die M\u00f6glichkeit, den B\u00fcchertisch selbst zu machen und wir helfen bei der Zusammenstellung der B\u00fccher. Ruft uns an: Tel. 040 &#8211; 430 08 08 oder schreibt eine Mail an: info@schanzenbuch.com.<\/p>\n","protected":false},"author":1,"featured_media":0,"parent":20,"menu_order":13,"comment_status":"closed","ping_status":"closed","template":"","meta":{"footnotes":""},"class_list":["post-38","page","type-page","status-publish","hentry"],"_links":{"self":[{"href":"https:\/\/www.schanzenbuch.com\/index.php?rest_route=\/wp\/v2\/pages\/38","targetHints":{"allow":["GET"]}}],"collection":[{"href":"https:\/\/www.schanzenbuch.com\/index.php?rest_route=\/wp\/v2\/pages"}],"about":[{"href":"https:\/\/www.schanzenbuch.com\/index.php?rest_route=\/wp\/v2\/types\/page"}],"author":[{"embeddable":true,"href":"https:\/\/www.schanzenbuch.com\/index.php?rest_route=\/wp\/v2\/users\/1"}],"replies":[{"embeddable":true,"href":"https:\/\/www.schanzenbuch.com\/index.php?rest_route=%2Fwp%2Fv2%2Fcomments&post=38"}],"version-history":[{"count":0,"href":"https:\/\/www.schanzenbuch.com\/index.php?rest_route=\/wp\/v2\/pages\/38\/revisions"}],"up":[{"embeddable":true,"href":"https:\/\/www.schanzenbuch.com\/index.php?rest_route=\/wp\/v2\/pages\/20"}],"wp:attachment":[{"href":"https:\/\/www.schanzenbuch.com\/index.php?rest_route=%2Fwp%2Fv2%2Fmedia&parent=38"}],"curies":[{"name":"wp","href":"https:\/\/api.w.org\/{rel}","templated":true}]}}