{"id":34,"date":"2014-03-29T16:02:56","date_gmt":"2014-03-29T14:02:56","guid":{"rendered":"http:\/\/www.schanzenbuch.com\/?page_id=34"},"modified":"2020-09-10T13:03:02","modified_gmt":"2020-09-10T11:03:02","slug":"ueber-uns","status":"publish","type":"page","link":"https:\/\/www.schanzenbuch.com\/?page_id=34","title":{"rendered":"\u00dcber uns"},"content":{"rendered":"<h1>\u00dcber uns<\/h1>\n<section class=\"row\">\n<article class=\"col-sm-4\">\n<div class=\"img-frame\"><img loading=\"lazy\" decoding=\"async\" src=\"https:\/\/www.schanzenbuch.com\/wp-content\/uploads\/2014\/03\/ueber_uns_01.jpg\" width=\"366\" height=\"211\" class=\"img-responsive\" alt=\"Die Anf\u00e4nge\" \/><\/div>\n<\/article>\n<article class=\"col-sm-8\">\n<h2>Die Anf\u00e4nge \u2026<\/h2>\n<p>Unter dem Namen \u201eDie Druckerei&#8220; fing im Jahr 1979 alles an. Organisiert in zwei rechtlich selbst\u00e4ndigen GmbHs &#8211; einer Buchhandlung und einem Spielzeugladen &#8211; wurde ein gemeinsames Kinderprojekt im Schanzenviertel ins Leben gerufen. Damit sollte die Idee eines Laden verwirklicht werden, der neben dem Verkauf von \u201ep\u00e4dagogisch wertvollen&#8220; B\u00fcchern und Spielzeug Aktivit\u00e4ten f\u00fcr Kinder anbot. In der damaligen Gr\u00fcndungswelle von sogenannten Alternativbetrieben begann alles mit viel Engagement und wenig Kapital. Das Geld zum Leben musste mit anderen Jobs verdient werden. \u201eDie Druckerei&#8220; fand im Schanzenviertel so viel Anklang, dass die r\u00e4umlichen und personellen Kapazit\u00e4ten bald nicht mehr ausreichten und deshalb f\u00fcr die Freizeitangebote ein eigenes Kinderzentrum in der Bartelsstrasse er\u00f6ffnet wurde.<\/p>\n<\/article>\n<\/section>\n<section class=\"row\">\n<article class=\"col-sm-8\">\n<h2>Vom Kinderbuchladen zum politischen Stadtteilladen \u2026<\/h2>\n<p>Die beginnende Umstrukturierung Ende der 80er Jahre durch den Hamburger Senat brachte eine starke Ver\u00e4nderung des Viertels und seiner BewohnerInnen mit sich. Immer mehr Fabriken und damit auch die ArbeiterInnen verschwanden. StudentInnen zogen in die Schanze, linke Projekte und Kollektive entstanden, vom Abriss bedrohte H\u00e4user wurden besetzt. 1988 gab es bereits rechtsg\u00fcltige Vertr\u00e4ge f\u00fcr das 30-Millionen-Musical-Projekt \u201ePhantom der Oper&#8220; in den R\u00e4umen der \u201eAlten Flora&#8220;. Die Bauarbeiten, die bereits in vollem Gange waren, mussten aufgrund des Widerstandes von ViertelbewohnerInnen und politisch linken Gruppen abgebrochen werden. Das autonome Stadtteilzentrum \u201eRote Flora&#8220; entstand und ist trotz des Verkaufs an eine Privatperson im Jahr 2001 bis heute besetzt.<\/p>\n<p>Diese Ver\u00e4nderungen im Stadtviertel haben sich auch auf den Kinderladen ausgewirkt, durch die verst\u00e4rkte Nachfrage nach politischer und belletristischer Literatur wurde das Sortiment immer mehr erweitert. Da der Platz irgendwann nicht mehr ausreichte, er\u00f6ffneten wir 1991 im Schulterblatt einen zweiten Laden mit den Schwerpunkten Literatur und Politik.<\/p>\n<\/article>\n<article class=\"col-sm-4\">\n<div class=\"img-frame\"><img loading=\"lazy\" decoding=\"async\" src=\"https:\/\/www.schanzenbuch.com\/wp-content\/uploads\/2014\/03\/ueber_uns_03.jpg\" width=\"366\" height=\"211\" class=\"img-responsive\" alt=\"Politischer Stadtteilladen\" \/><\/div>\n<\/article>\n<\/section>\n<section class=\"row\">\n<article class=\"col-sm-12\">\n<h2>Nach wie vor ein Kollektiv \u2026<\/h2>\n<p>Seit Anfang der neunziger Jahre besteht die \u201eBuchhandlung im Schanzenviertel GmbH&#8220; aus zwei L\u00e4den mit unterschiedlichen Schwerpunkten: Literatur und Politik im Schulterblatt und Kinderb\u00fccher und P\u00e4dagogik in der Schanzenstra\u00dfe. Insgesamt bestehen wir derzeit aus acht Kollektivist*innen, die sich als eine nichtbin\u00e4re queere person of colour, eine queere cis Frau of colour, vier wei\u00dfe cis Frauen und zwei wei\u00dfe cis M\u00e4nner positionieren und als gemeinsames Kollektiv arbeiten &#8211; das hei\u00dft alle sind gleichberechtigt an Entscheidungsfindungen beteiligt und haben den gleichen rechtlichen Status innerhalb der GmbH. Wir bieten auch B\u00fcchertische auf verschiedenen Veranstaltungen an und veranstalten regelm\u00e4\u00dfig Lesungen, vor allem zu politischen Themen.<\/p>\n<\/article>\n<\/section>\n","protected":false},"excerpt":{"rendered":"<p>\u00dcber uns Die Anf\u00e4nge \u2026 Unter dem Namen \u201eDie Druckerei&#8220; fing im Jahr 1979 alles an. Organisiert in zwei rechtlich selbst\u00e4ndigen GmbHs &#8211; einer Buchhandlung und einem Spielzeugladen &#8211; wurde ein gemeinsames Kinderprojekt im Schanzenviertel ins Leben gerufen. Damit sollte die Idee eines Laden verwirklicht werden, der neben dem Verkauf von \u201ep\u00e4dagogisch wertvollen&#8220; B\u00fcchern und [&hellip;]<\/p>\n","protected":false},"author":1,"featured_media":0,"parent":0,"menu_order":5,"comment_status":"closed","ping_status":"closed","template":"","meta":{"footnotes":""},"class_list":["post-34","page","type-page","status-publish","hentry"],"_links":{"self":[{"href":"https:\/\/www.schanzenbuch.com\/index.php?rest_route=\/wp\/v2\/pages\/34","targetHints":{"allow":["GET"]}}],"collection":[{"href":"https:\/\/www.schanzenbuch.com\/index.php?rest_route=\/wp\/v2\/pages"}],"about":[{"href":"https:\/\/www.schanzenbuch.com\/index.php?rest_route=\/wp\/v2\/types\/page"}],"author":[{"embeddable":true,"href":"https:\/\/www.schanzenbuch.com\/index.php?rest_route=\/wp\/v2\/users\/1"}],"replies":[{"embeddable":true,"href":"https:\/\/www.schanzenbuch.com\/index.php?rest_route=%2Fwp%2Fv2%2Fcomments&post=34"}],"version-history":[{"count":3,"href":"https:\/\/www.schanzenbuch.com\/index.php?rest_route=\/wp\/v2\/pages\/34\/revisions"}],"predecessor-version":[{"id":2339,"href":"https:\/\/www.schanzenbuch.com\/index.php?rest_route=\/wp\/v2\/pages\/34\/revisions\/2339"}],"wp:attachment":[{"href":"https:\/\/www.schanzenbuch.com\/index.php?rest_route=%2Fwp%2Fv2%2Fmedia&parent=34"}],"curies":[{"name":"wp","href":"https:\/\/api.w.org\/{rel}","templated":true}]}}