{"id":26,"date":"2014-03-29T15:59:38","date_gmt":"2014-03-29T13:59:38","guid":{"rendered":"http:\/\/www.schanzenbuch.com\/?page_id=26"},"modified":"2026-02-24T16:51:33","modified_gmt":"2026-02-24T14:51:33","slug":"impressum","status":"publish","type":"page","link":"https:\/\/www.schanzenbuch.com\/?page_id=26","title":{"rendered":"Impressum"},"content":{"rendered":"<h1>Impressum<\/h1>\n<section class=\"row\">\n<article class=\"col-sm-12\">\n<h2>Buchhandlung im Schanzenviertel GmbH<\/h2>\n<h3>Gesch\u00e4ftsf\u00fchrer- und Gesellschafter*nnen:<\/h3>\n<p>Elin Letchumy Kuttimalai, Jutta Lux, Sonja Rasmussen,<br \/>\nJan Reinecke, Ulrike Steinwarder<\/p>\n<h3><\/h3>\n<h3>Mitglied des Deutschen Buchhandels<\/h3>\n<p>Buchh\u00e4ndlerische Verkehrsnummer: 35647<\/p>\n<p>Eingetragen beim Amtsgericht Hamburg HRB 32877<\/p>\n<p>VAT: DE118534556<\/p>\n<p>Steuer-Nr. 46\/709\/02191<\/p>\n<h3><\/h3>\n<h3>Anschrift:<\/h3>\n<p>Buchhandlung im Schanzenviertel GmbH<\/p>\n<p>\u2022 Literatur und Politik<\/p>\n<p>Schulterblatt 55<\/p>\n<p>20357 Hamburg<\/p>\n<p>\u2022 Kinder- &amp; Jugendbuch<\/p>\n<p>Schanzenstrasse 6<\/p>\n<p>20357 Hamburg<\/p>\n<h3><\/h3>\n<h3>Redaktionsverantwortlicher:<\/h3>\n<p>Redaktionsverantwortlicher f\u00fcr die Internetpr\u00e4senz von Buchhandlung im Schanzenviertel GmbH, Hamburg ist Thomas Schultze.<\/p>\n<h3><\/h3>\n<h3>Rechtliche Hinweise zum Urheberrecht:<\/h3>\n<p>Das Layout der Homepage, die verwendeten Grafiken sowie die sonstigen Inhalte sind urheberrechtlich gesch\u00fctzt.<\/p>\n<p>Fotos von den Buchl\u00e4den, Innen- sowie Aussenansichten,\u00a0 unterliegen dem \u00a9 Copyright von Johanna Klier und d\u00fcrfen nicht ohne vorherige Zustimmung verwendet werden. Grunds\u00e4tzlich wird ein Urhebervermerk gem\u00e4\u00df \u00a7 13 UrHG verlangt.<\/p>\n<h3><\/h3>\n<h3>Information zur Online-Streitbeilegung:<\/h3>\n<p>Online-Streitbeilegung gem\u00e4\u00df Art. 14 Abs. 1 ODR-VO: Die Europ\u00e4ische Kommission stellt eine Plattform zur Online-Streitbeilegung (OS) bereit: <a href=\"http:\/\/ec.europa.eu\/consumers\/odr\/\">http:\/\/ec.europa.eu\/consumers\/odr\/<\/a>. Unsere E-Mail-Adresse: info(a)schanzenbuch.com.<\/p>\n<\/article>\n<\/section>\n","protected":false},"excerpt":{"rendered":"<p>Impressum Buchhandlung im Schanzenviertel GmbH Gesch\u00e4ftsf\u00fchrer- und Gesellschafter*nnen: Elin Letchumy Kuttimalai, Jutta Lux, Sonja Rasmussen, Jan Reinecke, Ulrike Steinwarder Mitglied des Deutschen Buchhandels Buchh\u00e4ndlerische Verkehrsnummer: 35647 Eingetragen beim Amtsgericht Hamburg HRB 32877 VAT: DE118534556 Steuer-Nr. 46\/709\/02191 Anschrift: Buchhandlung im Schanzenviertel GmbH \u2022 Literatur und Politik Schulterblatt 55 20357 Hamburg \u2022 Kinder- &amp; Jugendbuch Schanzenstrasse 6 [&hellip;]<\/p>\n","protected":false},"author":1,"featured_media":0,"parent":0,"menu_order":100,"comment_status":"closed","ping_status":"closed","template":"","meta":{"footnotes":""},"class_list":["post-26","page","type-page","status-publish","hentry"],"_links":{"self":[{"href":"https:\/\/www.schanzenbuch.com\/index.php?rest_route=\/wp\/v2\/pages\/26","targetHints":{"allow":["GET"]}}],"collection":[{"href":"https:\/\/www.schanzenbuch.com\/index.php?rest_route=\/wp\/v2\/pages"}],"about":[{"href":"https:\/\/www.schanzenbuch.com\/index.php?rest_route=\/wp\/v2\/types\/page"}],"author":[{"embeddable":true,"href":"https:\/\/www.schanzenbuch.com\/index.php?rest_route=\/wp\/v2\/users\/1"}],"replies":[{"embeddable":true,"href":"https:\/\/www.schanzenbuch.com\/index.php?rest_route=%2Fwp%2Fv2%2Fcomments&post=26"}],"version-history":[{"count":4,"href":"https:\/\/www.schanzenbuch.com\/index.php?rest_route=\/wp\/v2\/pages\/26\/revisions"}],"predecessor-version":[{"id":3093,"href":"https:\/\/www.schanzenbuch.com\/index.php?rest_route=\/wp\/v2\/pages\/26\/revisions\/3093"}],"wp:attachment":[{"href":"https:\/\/www.schanzenbuch.com\/index.php?rest_route=%2Fwp%2Fv2%2Fmedia&parent=26"}],"curies":[{"name":"wp","href":"https:\/\/api.w.org\/{rel}","templated":true}]}}